{"id":12,"date":"2024-08-17T07:55:02","date_gmt":"2024-08-17T05:55:02","guid":{"rendered":"https:\/\/www.cricyna.fr\/?page_id=12"},"modified":"2024-12-27T11:28:47","modified_gmt":"2024-12-27T10:28:47","slug":"a-propos","status":"publish","type":"page","link":"https:\/\/www.cricyna.fr\/index.php\/a-propos\/","title":{"rendered":"A propos"},"content":{"rendered":"\n<div class=\"wp-block-cover alignfull is-light has-aspect-ratio\" style=\"margin-top:0;margin-bottom:0;padding-top:0px;padding-bottom:80px;min-height:300px;aspect-ratio:4\/3;min-height:unset;\"><span aria-hidden=\"true\" class=\"wp-block-cover__background has-background-dim-0 has-background-dim\" style=\"background-color:#e9ceb0\"><\/span><img loading=\"lazy\" decoding=\"async\" width=\"900\" height=\"900\" class=\"wp-block-cover__image-background wp-image-69\" alt=\"\" src=\"https:\/\/www.cricyna.fr\/wp-content\/uploads\/2024\/08\/Serafina_9.jpg\" style=\"object-position:44% 49%\" data-object-fit=\"cover\" data-object-position=\"44% 49%\" srcset=\"https:\/\/www.cricyna.fr\/wp-content\/uploads\/2024\/08\/Serafina_9.jpg 900w, https:\/\/www.cricyna.fr\/wp-content\/uploads\/2024\/08\/Serafina_9-300x300.jpg 300w, https:\/\/www.cricyna.fr\/wp-content\/uploads\/2024\/08\/Serafina_9-150x150.jpg 150w, https:\/\/www.cricyna.fr\/wp-content\/uploads\/2024\/08\/Serafina_9-768x768.jpg 768w\" sizes=\"auto, (max-width: 900px) 100vw, 900px\" \/><div class=\"wp-block-cover__inner-container has-global-padding is-layout-constrained wp-container-core-cover-is-layout-d4c6b484 wp-block-cover-is-layout-constrained\">\n<div style=\"height:150px\" aria-hidden=\"true\" class=\"wp-block-spacer\"><\/div>\n\n\n\n<h1 class=\"wp-block-heading has-text-align-center has-text-color has-link-color has-suranna-font-family wp-elements-fc7af8e803879edb4ed260863c0d7b7a\" style=\"color:#ffffff;font-size:clamp(38.682px, 2.418rem + ((1vw - 3.2px) * 3.786), 72px);font-style:normal;font-weight:500\">Maroquinerie et artisanat d&rsquo;art <\/h1>\n<\/div><\/div>\n\n\n\n<section class=\"wp-block-group alignfull has-global-padding is-layout-constrained wp-container-core-group-is-layout-608bbd49 wp-block-group-is-layout-constrained\" style=\"margin-top:0px;padding-top:6rem;padding-right:1rem;padding-bottom:5rem;padding-left:1rem;font-size:clamp(0.875rem, 0.875rem + ((1vw - 0.2rem) * 0.464), 1.13rem);font-style:normal;font-weight:400;line-height:1.4\">\n<div class=\"wp-block-columns is-layout-flex wp-container-core-columns-is-layout-03ad6a19 wp-block-columns-is-layout-flex\" style=\"margin-bottom:0px\">\n<div class=\"wp-block-column is-vertically-aligned-center is-layout-flow wp-block-column-is-layout-flow\" style=\"flex-basis:50%\">\n<figure class=\"wp-block-image alignleft size-full\"><img loading=\"lazy\" decoding=\"async\" width=\"1399\" height=\"1599\" src=\"https:\/\/www.cricyna.fr\/wp-content\/uploads\/2024\/12\/Christine_3_2024.jpg\" alt=\"\" class=\"wp-image-85\" style=\"aspect-ratio:1;object-fit:cover\" srcset=\"https:\/\/www.cricyna.fr\/wp-content\/uploads\/2024\/12\/Christine_3_2024.jpg 1399w, https:\/\/www.cricyna.fr\/wp-content\/uploads\/2024\/12\/Christine_3_2024-262x300.jpg 262w, https:\/\/www.cricyna.fr\/wp-content\/uploads\/2024\/12\/Christine_3_2024-896x1024.jpg 896w, https:\/\/www.cricyna.fr\/wp-content\/uploads\/2024\/12\/Christine_3_2024-768x878.jpg 768w, https:\/\/www.cricyna.fr\/wp-content\/uploads\/2024\/12\/Christine_3_2024-1344x1536.jpg 1344w\" sizes=\"auto, (max-width: 1399px) 100vw, 1399px\" \/><\/figure>\n<\/div>\n\n\n\n<div class=\"wp-block-column is-vertically-aligned-center has-global-padding is-layout-constrained wp-container-core-column-is-layout-c4a7d96a wp-block-column-is-layout-constrained\" style=\"flex-basis:50%\">\n<h3 class=\"wp-block-heading has-text-align-left has-text-color has-suranna-font-family\" style=\"color:#000000;margin-top:0.5rem;margin-bottom:0rem;font-size:clamp(24.034px, 1.502rem + ((1vw - 3.2px) * 1.814), 40px);font-style:normal;font-weight:500;letter-spacing:0px;line-height:1.3\">Une passion, un engagement sinc\u00e8re pour des cr\u00e9ations uniques<\/h3>\n\n\n\n<p class=\"has-text-align-left has-text-color has-pontano-sans-font-family\" style=\"color:#000000;margin-top:20px;margin-bottom:20px;font-size:clamp(14px, 0.875rem + ((1vw - 3.2px) * 0.455), 18px);font-style:normal;font-weight:400;line-height:1.5\">Chez Sacs by Cricyna, nous croyons que chaque sac raconte une histoire. Christine est une artisane passionn\u00e9e, sp\u00e9cialis\u00e9e dans la confection de sacs en li\u00e8ge. Avec un sens aigu du d\u00e9tail et de l&rsquo;originalit\u00e9, elle cr\u00e9e des sacs, pochettes et autres accessoires uniques en associant harmonieusement des mati\u00e8res nobles et des couleurs soigneusement s\u00e9lectionn\u00e9es. Chaque sac est une \u0153uvre d&rsquo;art personnalis\u00e9e, alliant \u00e9l\u00e9gance et \u00e9coresponsabilit\u00e9. Avec son savoir-faire, Christine propose des cr\u00e9ations qui s&rsquo;adaptent \u00e0 vos envies, et \u00e0 vos moments de vie, alliant beaut\u00e9 et fonctionnalit\u00e9, pour offrir \u00e0 chaque cliente un accessoire unique \u00e0 la fois chic et durable. <\/p>\n\n\n\n<div class=\"wp-block-buttons is-horizontal is-content-justification-left is-layout-flex wp-container-core-buttons-is-layout-2c34cf1c wp-block-buttons-is-layout-flex\" style=\"margin-top:0.51rem\">\n<div class=\"wp-block-button has-custom-width wp-block-button__width-50 has-custom-font-size is-style-fill has-pontano-sans-font-family\" style=\"font-size:clamp(0.875rem, 0.875rem + ((1vw - 0.2rem) * 0.245), 1.01rem);font-style:normal;font-weight:600;letter-spacing:1px;line-height:1.5;text-transform:uppercase\"><a class=\"wp-block-button__link has-text-color has-background wp-element-button\" href=\"#\" style=\"border-style:none;border-width:0px;border-radius:0rem;color:#fffffd;background-color:#e27013;padding-top:0.71rem;padding-right:0.31rem;padding-bottom:0.71rem;padding-left:0.31rem\">Shop Now<\/a><\/div>\n<\/div>\n<\/div>\n<\/div>\n<\/section>\n\n\n\n<div class=\"wp-block-cover alignfull is-light\" style=\"padding-top:6rem;padding-bottom:6rem\"><span aria-hidden=\"true\" class=\"wp-block-cover__background has-background-dim-10 has-background-dim\" style=\"background-color:#e27013\"><\/span><div class=\"wp-block-cover__inner-container has-global-padding is-layout-constrained wp-container-core-cover-is-layout-5cbdda46 wp-block-cover-is-layout-constrained\">\n<h2 class=\"wp-block-heading has-text-align-center has-text-color has-link-color has-suranna-font-family wp-elements-c1b35b3363e3e851bb7debabb316e17e\" style=\"color:#000000;font-size:clamp(24.034px, 1.502rem + ((1vw - 3.2px) * 1.814), 40px);font-style:normal;font-weight:500;letter-spacing:1px\">Notre histoire, un voyage de cr\u00e9ativit\u00e9 et <br>de savoir-faire<\/h2>\n\n\n\n<p class=\"has-text-align-center has-text-color has-link-color wp-elements-8fbe74ae03192926bf3df176dfd9f157\" style=\"color:#000000;font-size:clamp(14px, 0.875rem + ((1vw - 3.2px) * 0.455), 18px);\">Sacs by Cricyna est n\u00e9e d&rsquo;un r\u00eave nourri par une passion pour l\u2019art, la couture et le design. Christine, une artisane talentueuse, a d\u00e9but\u00e9 en confectionnant des sacs et des accessoires inspir\u00e9s par son amour pour la mode unique. Chaque pi\u00e8ce est soigneusement con\u00e7ue et fabriqu\u00e9e \u00e0 la main, refl\u00e9tant son d\u00e9vouement \u00e0 la qualit\u00e9 et \u00e0 la cr\u00e9ativit\u00e9. Ce qui a commenc\u00e9 comme un petit projet, se d\u00e9veloppe chaque jour en une marque qui valorise l\u2019individualit\u00e9 et l\u2019artisanat. Chaque article est un m\u00e9lange de couleurs vibrantes et de mat\u00e9riaux nobles, le rendant v\u00e9ritablement unique. Nous vous invitons \u00e0 nous rejoindre dans ce voyage cr\u00e9atif, o\u00f9 chaque sac est bien plus qu\u2019un simple accessoire : c\u2019est une c\u00e9l\u00e9bration de votre style unique !<\/p>\n\n\n\n<div class=\"wp-block-buttons is-horizontal is-content-justification-center is-layout-flex wp-container-core-buttons-is-layout-bb07f847 wp-block-buttons-is-layout-flex\" style=\"margin-top:30px\">\n<div class=\"wp-block-button has-custom-width wp-block-button__width-25 has-custom-font-size is-style-fill has-pontano-sans-font-family\" style=\"font-size:clamp(0.875rem, 0.875rem + ((1vw - 0.2rem) * 0.245), 1.01rem);font-style:normal;font-weight:600;letter-spacing:1px;line-height:1.5;text-transform:uppercase\"><a class=\"wp-block-button__link has-text-color has-background wp-element-button\" href=\"#\" style=\"border-style:none;border-width:0px;border-radius:0rem;color:#fffffd;background-color:#e27013;padding-top:0.71rem;padding-right:0.31rem;padding-bottom:0.71rem;padding-left:0.31rem\">Discover More<\/a><\/div>\n<\/div>\n<\/div><\/div>\n\n\n\n<section class=\"wp-block-group alignfull has-global-padding is-layout-constrained wp-container-core-group-is-layout-8202059b wp-block-group-is-layout-constrained\" style=\"margin-top:0px;padding-top:6rem;padding-right:1rem;padding-bottom:6rem;padding-left:1rem;font-size:clamp(0.875rem, 0.875rem + ((1vw - 0.2rem) * 0.464), 1.13rem);font-style:normal;font-weight:400;line-height:1.4\">\n<div class=\"wp-block-columns is-layout-flex wp-container-core-columns-is-layout-03ad6a19 wp-block-columns-is-layout-flex\" style=\"margin-bottom:0px\">\n<div class=\"wp-block-column is-vertically-aligned-center has-global-padding is-layout-constrained wp-container-core-column-is-layout-c4a7d96a wp-block-column-is-layout-constrained\" style=\"flex-basis:50%\">\n<h3 class=\"wp-block-heading has-text-align-left has-text-color has-suranna-font-family\" style=\"color:#010101;margin-top:0.5rem;margin-bottom:0rem;font-size:clamp(24.034px, 1.502rem + ((1vw - 3.2px) * 1.814), 40px);font-style:normal;font-weight:500;letter-spacing:0px;line-height:1.3\">Nos creations<\/h3>\n\n\n\n<p class=\"has-text-align-left has-text-color has-pontano-sans-font-family\" style=\"color:#010101;margin-top:20px;margin-bottom:20px;font-size:clamp(14px, 0.875rem + ((1vw - 3.2px) * 0.455), 18px);font-style:normal;font-weight:400;line-height:1.5\">Chaque cr\u00e9ation est r\u00e9alis\u00e9e \u00e0 partir d&rsquo;un patron qui permet de moduler les mati\u00e8res, les couleurs et les petits \u00e9l\u00e9ments de finition. Ces choix font toute la diff\u00e9rence avec un sac achet\u00e9 en grande surface. Un fermoir, un zip, les \u0153illets et les attaches associ\u00e9s \u00e0 un li\u00e8ge de qualit\u00e9 choisi avec gout, une doublure originale qui se marie parfaitement au design apportent une touche unique et personnalis\u00e9e qui transforme chaque sac en une v\u00e9ritable \u0153uvre d&rsquo;art. Ces d\u00e9tails minutieusement pens\u00e9s refl\u00e8tent l&rsquo;attention port\u00e9e \u00e0 la qualit\u00e9 et au style, offrant un produit authentique qui raconte une histoire et sublime la personnalit\u00e9 de son propri\u00e9taire. <\/p>\n\n\n\n<div class=\"wp-block-buttons is-horizontal is-content-justification-left is-layout-flex wp-container-core-buttons-is-layout-2c34cf1c wp-block-buttons-is-layout-flex\" style=\"margin-top:0.51rem\">\n<div class=\"wp-block-button has-custom-width wp-block-button__width-50 has-custom-font-size is-style-fill has-pontano-sans-font-family\" style=\"font-size:clamp(0.875rem, 0.875rem + ((1vw - 0.2rem) * 0.245), 1.01rem);font-style:normal;font-weight:600;letter-spacing:1px;line-height:1.5;text-transform:uppercase\"><a class=\"wp-block-button__link has-text-color has-background wp-element-button\" href=\"#\" style=\"border-style:none;border-width:0px;border-radius:0rem;color:#fffffd;background-color:#e27013;padding-top:0.71rem;padding-right:0.31rem;padding-bottom:0.71rem;padding-left:0.31rem\">Discover<\/a><\/div>\n<\/div>\n<\/div>\n\n\n\n<div class=\"wp-block-column is-vertically-aligned-center is-layout-flow wp-block-column-is-layout-flow\" style=\"flex-basis:50%\">\n<figure class=\"wp-block-image alignright size-full has-custom-border\"><img loading=\"lazy\" decoding=\"async\" width=\"900\" height=\"900\" src=\"https:\/\/www.cricyna.fr\/wp-content\/uploads\/2024\/08\/Serafina_3-1.jpg\" alt=\"\" class=\"has-border-color has-tertiary-border-color wp-image-65\" style=\"border-width:1px;aspect-ratio:1;object-fit:cover\" srcset=\"https:\/\/www.cricyna.fr\/wp-content\/uploads\/2024\/08\/Serafina_3-1.jpg 900w, https:\/\/www.cricyna.fr\/wp-content\/uploads\/2024\/08\/Serafina_3-1-300x300.jpg 300w, https:\/\/www.cricyna.fr\/wp-content\/uploads\/2024\/08\/Serafina_3-1-150x150.jpg 150w, https:\/\/www.cricyna.fr\/wp-content\/uploads\/2024\/08\/Serafina_3-1-768x768.jpg 768w\" sizes=\"auto, (max-width: 900px) 100vw, 900px\" \/><\/figure>\n<\/div>\n<\/div>\n<\/section>\n\n\n\n<section class=\"wp-block-cover alignfull is-light\" style=\"margin-top:0px;padding-top:1.01rem;padding-bottom:1.01rem;min-height:430px;aspect-ratio:unset;\"><span aria-hidden=\"true\" class=\"wp-block-cover__background has-background-dim-0 has-background-dim\" style=\"background-color:#edf1f2\"><\/span><img loading=\"lazy\" decoding=\"async\" width=\"1200\" height=\"875\" class=\"wp-block-cover__image-background wp-image-66\" alt=\"\" src=\"https:\/\/www.cricyna.fr\/wp-content\/uploads\/2024\/08\/1200px-Chene_Liege.jpg\" data-object-fit=\"cover\" srcset=\"https:\/\/www.cricyna.fr\/wp-content\/uploads\/2024\/08\/1200px-Chene_Liege.jpg 1200w, https:\/\/www.cricyna.fr\/wp-content\/uploads\/2024\/08\/1200px-Chene_Liege-300x219.jpg 300w, https:\/\/www.cricyna.fr\/wp-content\/uploads\/2024\/08\/1200px-Chene_Liege-1024x747.jpg 1024w, https:\/\/www.cricyna.fr\/wp-content\/uploads\/2024\/08\/1200px-Chene_Liege-768x560.jpg 768w\" sizes=\"auto, (max-width: 1200px) 100vw, 1200px\" \/><div class=\"wp-block-cover__inner-container has-global-padding is-layout-constrained wp-container-core-cover-is-layout-b1bebcb3 wp-block-cover-is-layout-constrained\">\n<div class=\"wp-block-group has-text-color is-layout-flow wp-block-group-is-layout-flow\" style=\"color:#fffffd;margin-top:0px;padding-top:0rem;padding-right:1rem;padding-bottom:0rem;padding-left:1rem;font-size:clamp(0.875rem, 0.875rem + ((1vw - 0.2rem) * 0.464), 1.13rem);font-style:normal;font-weight:400;line-height:1.4\">\n<div class=\"wp-block-group has-global-padding is-layout-constrained wp-container-core-group-is-layout-bdbfdc43 wp-block-group-is-layout-constrained\">\n<p class=\"has-text-align-center has-text-color has-background has-link-color wp-elements-4408099a73e8b86c62af32eaa39e9fe0\" style=\"color:#0c0000;background:linear-gradient(135deg,rgb(252,185,0) 0%,rgb(214,205,138) 59%,rgb(255,105,0) 100%);margin-bottom:0rem;font-size:clamp(1.507rem, 1.507rem + ((1vw - 0.2rem) * 1.824), 2.51rem);font-style:normal;font-weight:400;line-height:1.2\"><strong><em>Le li\u00e8ge, mat\u00e9riau naturel et durable, se distingue par sa l\u00e9g\u00e8ret\u00e9, sa souplesse et sa r\u00e9sistance exceptionnelle, en faisant un choix haut de gamme pour des cr\u00e9ations \u00e9l\u00e9gantes et respectueuses de l&rsquo;environnement.<\/em><\/strong><\/p>\n<\/div>\n\n\n\n<div class=\"wp-block-group is-vertical is-content-justification-stretch is-layout-flex wp-container-core-group-is-layout-bfdebe91 wp-block-group-is-layout-flex\" style=\"margin-top:1.81rem;padding-right:0px;padding-left:0px\">\n<div class=\"wp-block-group has-global-padding is-content-justification-center is-layout-constrained wp-container-core-group-is-layout-2f0bcb29 wp-block-group-is-layout-constrained\" style=\"margin-top:0px\">\n<div class=\"wp-block-buttons is-horizontal is-content-justification-right is-layout-flex wp-container-core-buttons-is-layout-099266fd wp-block-buttons-is-layout-flex\" style=\"margin-top:0.51rem\">\n<div class=\"wp-block-button has-custom-width wp-block-button__width-100 has-custom-font-size is-style-fill\" style=\"font-size:clamp(0.875rem, 0.875rem + ((1vw - 0.2rem) * 0.245), 1.01rem);font-style:normal;font-weight:600;line-height:1.5;text-transform:uppercase\"><a class=\"wp-block-button__link has-text-color has-background wp-element-button\" href=\"#\" style=\"border-style:none;border-width:0px;border-radius:0rem;color:#fffffd;background-color:#e27013;padding-top:0.71rem;padding-right:0.31rem;padding-bottom:0.71rem;padding-left:0.31rem\">contact<\/a><\/div>\n<\/div>\n<\/div>\n<\/div>\n<\/div>\n<\/div><\/section>\n\n\n\n<p><\/p>\n","protected":false},"excerpt":{"rendered":"<p>Une passion, un engagement sinc\u00e8re pour des cr\u00e9ations uniques Chez Sacs by Cricyna, nous croyons que chaque sac raconte une histoire. Christine est une artisane passionn\u00e9e, sp\u00e9cialis\u00e9e dans la confection de sacs en li\u00e8ge. Avec un sens aigu du d\u00e9tail et de l&rsquo;originalit\u00e9, elle cr\u00e9e des sacs, pochettes et autres accessoires uniques en associant harmonieusement [&hellip;]<\/p>\n","protected":false},"author":1,"featured_media":0,"parent":0,"menu_order":0,"comment_status":"closed","ping_status":"closed","template":"","meta":{"footnotes":""},"class_list":["post-12","page","type-page","status-publish","hentry"],"_links":{"self":[{"href":"https:\/\/www.cricyna.fr\/index.php\/wp-json\/wp\/v2\/pages\/12","targetHints":{"allow":["GET"]}}],"collection":[{"href":"https:\/\/www.cricyna.fr\/index.php\/wp-json\/wp\/v2\/pages"}],"about":[{"href":"https:\/\/www.cricyna.fr\/index.php\/wp-json\/wp\/v2\/types\/page"}],"author":[{"embeddable":true,"href":"https:\/\/www.cricyna.fr\/index.php\/wp-json\/wp\/v2\/users\/1"}],"replies":[{"embeddable":true,"href":"https:\/\/www.cricyna.fr\/index.php\/wp-json\/wp\/v2\/comments?post=12"}],"version-history":[{"count":8,"href":"https:\/\/www.cricyna.fr\/index.php\/wp-json\/wp\/v2\/pages\/12\/revisions"}],"predecessor-version":[{"id":92,"href":"https:\/\/www.cricyna.fr\/index.php\/wp-json\/wp\/v2\/pages\/12\/revisions\/92"}],"wp:attachment":[{"href":"https:\/\/www.cricyna.fr\/index.php\/wp-json\/wp\/v2\/media?parent=12"}],"curies":[{"name":"wp","href":"https:\/\/api.w.org\/{rel}","templated":true}]}}